{"id":100,"date":"2019-03-28T21:05:02","date_gmt":"2019-03-28T20:05:02","guid":{"rendered":"https:\/\/www.pertu.org\/?page_id=100"},"modified":"2022-04-29T23:47:41","modified_gmt":"2022-04-29T21:47:41","slug":"contacte","status":"publish","type":"page","link":"https:\/\/www.pertu.org\/index.php\/contacte\/","title":{"rendered":"Contacte"},"content":{"rendered":"<p>Pots contactar amb nosaltres mitjan\u00e7ant el nostre email: <a href=\"mailto:contacte@pertu.org\">contacte@pertu.org<\/a><\/p>\n<p>Tamb\u00e9 ho pots fer a trav\u00e9s del seg\u00fcent formulari:<\/p>\n<div class=\"wpforms-container wpforms-container-full\" id=\"wpforms-117\"><form id=\"wpforms-form-117\" class=\"wpforms-validate wpforms-form\" data-formid=\"117\" method=\"post\" enctype=\"multipart\/form-data\" action=\"\/index.php\/wp-json\/wp\/v2\/pages\/100\" data-token=\"63a6b48ca098078ca05968809697f252\" data-token-time=\"1777582814\"><noscript class=\"wpforms-error-noscript\">Activeu el JavaScript al navegador per a poder completar el formulari.<\/noscript><div class=\"wpforms-field-container\"><div id=\"wpforms-117-field_0-container\" class=\"wpforms-field wpforms-field-name\" data-field-id=\"0\"><label class=\"wpforms-field-label\" for=\"wpforms-117-field_0\">Nom <span class=\"wpforms-required-label\">*<\/span><\/label><input type=\"text\" id=\"wpforms-117-field_0\" class=\"wpforms-field-medium wpforms-field-required\" name=\"wpforms[fields][0]\" required><\/div><div id=\"wpforms-117-field_1-container\" class=\"wpforms-field wpforms-field-email\" data-field-id=\"1\"><label class=\"wpforms-field-label\" for=\"wpforms-117-field_1\">Email <span class=\"wpforms-required-label\">*<\/span><\/label><input type=\"email\" id=\"wpforms-117-field_1\" class=\"wpforms-field-medium wpforms-field-required\" name=\"wpforms[fields][1]\" spellcheck=\"false\" required><\/div><div id=\"wpforms-117-field_2-container\" class=\"wpforms-field wpforms-field-textarea\" data-field-id=\"2\"><label class=\"wpforms-field-label\" for=\"wpforms-117-field_2\">Missatge o suggeriment <span class=\"wpforms-required-label\">*<\/span><\/label><textarea id=\"wpforms-117-field_2\" class=\"wpforms-field-medium wpforms-field-required\" name=\"wpforms[fields][2]\" required><\/textarea><\/div><\/div><!-- .wpforms-field-container --><div class=\"wpforms-field wpforms-field-hp\"><label for=\"wpforms-117-field-hp\" class=\"wpforms-field-label\">Comment<\/label><input type=\"text\" name=\"wpforms[hp]\" id=\"wpforms-117-field-hp\" class=\"wpforms-field-medium\"><\/div><div class=\"wpforms-submit-container\" ><input type=\"hidden\" name=\"wpforms[id]\" value=\"117\"><input type=\"hidden\" name=\"page_title\" value=\"\"><input type=\"hidden\" name=\"page_url\" value=\"https:\/\/www.pertu.org\/index.php\/wp-json\/wp\/v2\/pages\/100\"><input type=\"hidden\" name=\"url_referer\" value=\"\"><button type=\"submit\" name=\"wpforms[submit]\" id=\"wpforms-submit-117\" class=\"wpforms-submit\" data-alt-text=\"Enviant...\" data-submit-text=\"Enviar\" aria-live=\"assertive\" value=\"wpforms-submit\">Enviar<\/button><\/div><\/form><\/div>  <!-- .wpforms-container -->\n","protected":false},"excerpt":{"rendered":"<p>Pots contactar amb nosaltres mitjan\u00e7ant el nostre email: contacte@pertu.org Tamb\u00e9 ho pots fer a trav\u00e9s del seg\u00fcent formulari:<\/p>\n","protected":false},"author":1,"featured_media":0,"parent":0,"menu_order":0,"comment_status":"closed","ping_status":"closed","template":"","meta":{"_exactmetrics_skip_tracking":false,"_exactmetrics_sitenote_active":false,"_exactmetrics_sitenote_note":"","_exactmetrics_sitenote_category":0,"footnotes":""},"class_list":["post-100","page","type-page","status-publish","hentry"],"_links":{"self":[{"href":"https:\/\/www.pertu.org\/index.php\/wp-json\/wp\/v2\/pages\/100","targetHints":{"allow":["GET"]}}],"collection":[{"href":"https:\/\/www.pertu.org\/index.php\/wp-json\/wp\/v2\/pages"}],"about":[{"href":"https:\/\/www.pertu.org\/index.php\/wp-json\/wp\/v2\/types\/page"}],"author":[{"embeddable":true,"href":"https:\/\/www.pertu.org\/index.php\/wp-json\/wp\/v2\/users\/1"}],"replies":[{"embeddable":true,"href":"https:\/\/www.pertu.org\/index.php\/wp-json\/wp\/v2\/comments?post=100"}],"version-history":[{"count":6,"href":"https:\/\/www.pertu.org\/index.php\/wp-json\/wp\/v2\/pages\/100\/revisions"}],"predecessor-version":[{"id":121,"href":"https:\/\/www.pertu.org\/index.php\/wp-json\/wp\/v2\/pages\/100\/revisions\/121"}],"wp:attachment":[{"href":"https:\/\/www.pertu.org\/index.php\/wp-json\/wp\/v2\/media?parent=100"}],"curies":[{"name":"wp","href":"https:\/\/api.w.org\/{rel}","templated":true}]}}