{"id":585,"date":"2023-05-22T19:55:01","date_gmt":"2023-05-22T17:55:01","guid":{"rendered":"https:\/\/www.pertu.org\/?page_id=585"},"modified":"2023-05-22T19:55:02","modified_gmt":"2023-05-22T17:55:02","slug":"juneda-per-tu-j-x-tu","status":"publish","type":"page","link":"https:\/\/www.pertu.org\/index.php\/juneda-per-tu-j-x-tu\/","title":{"rendered":"JUNEDA, PER TU (J X TU)"},"content":{"rendered":"\n<ol class=\"wp-block-list\"><li>Eduard Porta Josa<\/li><li>Ma Llu\u00efsa Rosinach Buira<\/li><li>Eduard Ruestes Mor<\/li><li>Josep Mateus Santandreu<\/li><li>Isabel Mateus Bot\u00e9<\/li><li>Joan-Albert Roura Calderer<\/li><li>Jordi Josep Claret Olivart<\/li><li>Ma Teresa Grau Salla<\/li><li>David Serrano Pifarr\u00e9<\/li><li>Ma Angels Gelonch Vives<\/li><li>Alexandra Olmo Cunillera<br>SUPLENTS<\/li><li>Albert Civit Capdevila<\/li><li>Cristina Barcel\u00f3 Ortega<\/li><\/ol>\n","protected":false},"excerpt":{"rendered":"<p>Eduard Porta Josa Ma Llu\u00efsa Rosinach Buira Eduard Ruestes Mor Josep Mateus Santandreu Isabel Mateus Bot\u00e9 Joan-Albert Roura Calderer Jordi Josep Claret Olivart Ma Teresa Grau Salla David Serrano Pifarr\u00e9 Ma Angels Gelonch Vives Alexandra Olmo CunilleraSUPLENTS Albert Civit Capdevila Cristina Barcel\u00f3 Ortega<\/p>\n","protected":false},"author":1,"featured_media":0,"parent":0,"menu_order":0,"comment_status":"closed","ping_status":"closed","template":"","meta":{"_exactmetrics_skip_tracking":false,"_exactmetrics_sitenote_active":false,"_exactmetrics_sitenote_note":"","_exactmetrics_sitenote_category":0,"footnotes":""},"class_list":["post-585","page","type-page","status-publish","hentry"],"_links":{"self":[{"href":"https:\/\/www.pertu.org\/index.php\/wp-json\/wp\/v2\/pages\/585","targetHints":{"allow":["GET"]}}],"collection":[{"href":"https:\/\/www.pertu.org\/index.php\/wp-json\/wp\/v2\/pages"}],"about":[{"href":"https:\/\/www.pertu.org\/index.php\/wp-json\/wp\/v2\/types\/page"}],"author":[{"embeddable":true,"href":"https:\/\/www.pertu.org\/index.php\/wp-json\/wp\/v2\/users\/1"}],"replies":[{"embeddable":true,"href":"https:\/\/www.pertu.org\/index.php\/wp-json\/wp\/v2\/comments?post=585"}],"version-history":[{"count":1,"href":"https:\/\/www.pertu.org\/index.php\/wp-json\/wp\/v2\/pages\/585\/revisions"}],"predecessor-version":[{"id":586,"href":"https:\/\/www.pertu.org\/index.php\/wp-json\/wp\/v2\/pages\/585\/revisions\/586"}],"wp:attachment":[{"href":"https:\/\/www.pertu.org\/index.php\/wp-json\/wp\/v2\/media?parent=585"}],"curies":[{"name":"wp","href":"https:\/\/api.w.org\/{rel}","templated":true}]}}