{"id":587,"date":"2023-05-22T19:55:19","date_gmt":"2023-05-22T17:55:19","guid":{"rendered":"https:\/\/www.pertu.org\/?page_id=587"},"modified":"2023-05-22T19:55:19","modified_gmt":"2023-05-22T17:55:19","slug":"activem-lalbages-per-tu-aa-xtu","status":"publish","type":"page","link":"https:\/\/www.pertu.org\/index.php\/activem-lalbages-per-tu-aa-xtu\/","title":{"rendered":"ACTIVEM L\u2019ALBAG\u00c9S-PER TU (AA-xtu)"},"content":{"rendered":"\n<ol class=\"wp-block-list\"><li>V\u00edctor Masip Romero<\/li><li>Gemma Moreno Iglesias<\/li><li>Guadalupe Serrano Alcaraz<\/li><li>Jordi Nogu\u00e9 Llim\u00f3s<\/li><li>Ramon Llim\u00f3s Montagut<\/li><li>Eva Maria Ribas Arjona<\/li><li>Antonio Ramon Garcia Cuadrat<br>SUPLENTS<\/li><li>Maria Dolores Moreno Checa<\/li><\/ol>\n","protected":false},"excerpt":{"rendered":"<p>V\u00edctor Masip Romero Gemma Moreno Iglesias Guadalupe Serrano Alcaraz Jordi Nogu\u00e9 Llim\u00f3s Ramon Llim\u00f3s Montagut Eva Maria Ribas Arjona Antonio Ramon Garcia CuadratSUPLENTS Maria Dolores Moreno Checa<\/p>\n","protected":false},"author":1,"featured_media":0,"parent":0,"menu_order":0,"comment_status":"closed","ping_status":"closed","template":"","meta":{"_exactmetrics_skip_tracking":false,"_exactmetrics_sitenote_active":false,"_exactmetrics_sitenote_note":"","_exactmetrics_sitenote_category":0,"footnotes":""},"class_list":["post-587","page","type-page","status-publish","hentry"],"_links":{"self":[{"href":"https:\/\/www.pertu.org\/index.php\/wp-json\/wp\/v2\/pages\/587","targetHints":{"allow":["GET"]}}],"collection":[{"href":"https:\/\/www.pertu.org\/index.php\/wp-json\/wp\/v2\/pages"}],"about":[{"href":"https:\/\/www.pertu.org\/index.php\/wp-json\/wp\/v2\/types\/page"}],"author":[{"embeddable":true,"href":"https:\/\/www.pertu.org\/index.php\/wp-json\/wp\/v2\/users\/1"}],"replies":[{"embeddable":true,"href":"https:\/\/www.pertu.org\/index.php\/wp-json\/wp\/v2\/comments?post=587"}],"version-history":[{"count":1,"href":"https:\/\/www.pertu.org\/index.php\/wp-json\/wp\/v2\/pages\/587\/revisions"}],"predecessor-version":[{"id":588,"href":"https:\/\/www.pertu.org\/index.php\/wp-json\/wp\/v2\/pages\/587\/revisions\/588"}],"wp:attachment":[{"href":"https:\/\/www.pertu.org\/index.php\/wp-json\/wp\/v2\/media?parent=587"}],"curies":[{"name":"wp","href":"https:\/\/api.w.org\/{rel}","templated":true}]}}