{"id":603,"date":"2023-05-22T20:03:18","date_gmt":"2023-05-22T18:03:18","guid":{"rendered":"https:\/\/www.pertu.org\/?page_id=603"},"modified":"2023-05-22T20:03:19","modified_gmt":"2023-05-22T18:03:19","slug":"per-tu-xtu-miravet","status":"publish","type":"page","link":"https:\/\/www.pertu.org\/index.php\/per-tu-xtu-miravet\/","title":{"rendered":"PER TU (xtu) &#8211; Miravet"},"content":{"rendered":"\n<ol class=\"wp-block-list\"><li>Sra. MARIA DEL CARMEN LLEIX\u00c0 ARMENGOL<\/li><li>Sr. ALBERT LLU\u00cdS SALES LLOP<\/li><li>Sra. MARGARITA LLAMAS L\u00d3PEZ<\/li><li>Sra. GEMA BORRELL RIPOLL<\/li><li>Sra. CRISTINA TORRES ARTIGUES<\/li><li>Sr. ANTONI VIVES FABREGAT<\/li><li>Sra. MARIA JAVIERA FILIPPETTI DOMINGUEZ<br>Suplents<\/li><li>Sr. SERGI SALES LLOP<\/li><li>Sra. MONTSERRAT BIOSCA G\u00d3MEZ<\/li><\/ol>\n","protected":false},"excerpt":{"rendered":"<p>Sra. MARIA DEL CARMEN LLEIX\u00c0 ARMENGOL Sr. ALBERT LLU\u00cdS SALES LLOP Sra. MARGARITA LLAMAS L\u00d3PEZ Sra. GEMA BORRELL RIPOLL Sra. CRISTINA TORRES ARTIGUES Sr. ANTONI VIVES FABREGAT Sra. MARIA JAVIERA FILIPPETTI DOMINGUEZSuplents Sr. SERGI SALES LLOP Sra. MONTSERRAT BIOSCA G\u00d3MEZ<\/p>\n","protected":false},"author":1,"featured_media":0,"parent":0,"menu_order":0,"comment_status":"closed","ping_status":"closed","template":"","meta":{"_exactmetrics_skip_tracking":false,"_exactmetrics_sitenote_active":false,"_exactmetrics_sitenote_note":"","_exactmetrics_sitenote_category":0,"footnotes":""},"class_list":["post-603","page","type-page","status-publish","hentry"],"_links":{"self":[{"href":"https:\/\/www.pertu.org\/index.php\/wp-json\/wp\/v2\/pages\/603","targetHints":{"allow":["GET"]}}],"collection":[{"href":"https:\/\/www.pertu.org\/index.php\/wp-json\/wp\/v2\/pages"}],"about":[{"href":"https:\/\/www.pertu.org\/index.php\/wp-json\/wp\/v2\/types\/page"}],"author":[{"embeddable":true,"href":"https:\/\/www.pertu.org\/index.php\/wp-json\/wp\/v2\/users\/1"}],"replies":[{"embeddable":true,"href":"https:\/\/www.pertu.org\/index.php\/wp-json\/wp\/v2\/comments?post=603"}],"version-history":[{"count":1,"href":"https:\/\/www.pertu.org\/index.php\/wp-json\/wp\/v2\/pages\/603\/revisions"}],"predecessor-version":[{"id":604,"href":"https:\/\/www.pertu.org\/index.php\/wp-json\/wp\/v2\/pages\/603\/revisions\/604"}],"wp:attachment":[{"href":"https:\/\/www.pertu.org\/index.php\/wp-json\/wp\/v2\/media?parent=603"}],"curies":[{"name":"wp","href":"https:\/\/api.w.org\/{rel}","templated":true}]}}