{"id":607,"date":"2023-05-22T20:04:19","date_gmt":"2023-05-22T18:04:19","guid":{"rendered":"https:\/\/www.pertu.org\/?page_id=607"},"modified":"2023-05-22T20:04:20","modified_gmt":"2023-05-22T18:04:20","slug":"per-tu-xtu-asco","status":"publish","type":"page","link":"https:\/\/www.pertu.org\/index.php\/per-tu-xtu-asco\/","title":{"rendered":"PER TU (xtu) &#8211; Asc\u00f3"},"content":{"rendered":"\n<ol class=\"wp-block-list\"><li>Sr. MIQUEL \u00c0NGEL RIBES JORNET<\/li><li>Sra. CAROLINA BAIGES GABALD\u00c0<\/li><li>Sr. JOSEP MARIA RADU\u00c0 SERRA<\/li><li>Sra. MONTSERRAT ORTIZ SERRANO<\/li><li>Sr. H\u00c9CTOR MANUEL GIL RIPOLL<\/li><li>Sr. TOM\u00c0S BIARN\u00c9S GAIG<\/li><li>Sra. ANA MARIA BARRAG\u00c1N SERRANO<\/li><li>Sra. M\u00cdRIAM LLOP BORR\u00c0S<\/li><li>Sr. EL MILOUD CHELLAY CHELLAY<br>Suplents<\/li><li>Sr. JOSEP SERRA SERRA<\/li><li>Sr. CRISTIAN LLORET ALBIAC<\/li><li>Sra. NURIA FRANQUET CALVENTE<\/li><li>Sr. DAVID VILANOVA DOBLAS<\/li><li>Sra. RAQUEL SALVAD\u00d3 VIDAL<\/li><li>Sra. CRISTINA SERRA CAVALL\u00c9<\/li><li>Sr. SERGI ALBERTON RIBES<\/li><li>Sra. MONTSERRAT NICOLAU BORR\u00c0S<\/li><li>Sra. MARGARITA DAURA BIARN\u00c9S<\/li><\/ol>\n","protected":false},"excerpt":{"rendered":"<p>Sr. MIQUEL \u00c0NGEL RIBES JORNET Sra. CAROLINA BAIGES GABALD\u00c0 Sr. JOSEP MARIA RADU\u00c0 SERRA Sra. MONTSERRAT ORTIZ SERRANO Sr. H\u00c9CTOR MANUEL GIL RIPOLL Sr. TOM\u00c0S BIARN\u00c9S GAIG Sra. ANA MARIA BARRAG\u00c1N SERRANO Sra. M\u00cdRIAM LLOP BORR\u00c0S Sr. EL MILOUD CHELLAY CHELLAYSuplents Sr. JOSEP SERRA SERRA Sr. CRISTIAN LLORET ALBIAC Sra. NURIA FRANQUET CALVENTE Sr. DAVID &hellip; <\/p>\n<p class=\"link-more\"><a href=\"https:\/\/www.pertu.org\/index.php\/per-tu-xtu-asco\/\" class=\"more-link\">Continua llegint <span class=\"screen-reader-text\">\u00abPER TU (xtu) &#8211; Asc\u00f3\u00bb<\/span><\/a><\/p>\n","protected":false},"author":1,"featured_media":0,"parent":0,"menu_order":0,"comment_status":"closed","ping_status":"closed","template":"","meta":{"_exactmetrics_skip_tracking":false,"_exactmetrics_sitenote_active":false,"_exactmetrics_sitenote_note":"","_exactmetrics_sitenote_category":0,"footnotes":""},"class_list":["post-607","page","type-page","status-publish","hentry"],"_links":{"self":[{"href":"https:\/\/www.pertu.org\/index.php\/wp-json\/wp\/v2\/pages\/607","targetHints":{"allow":["GET"]}}],"collection":[{"href":"https:\/\/www.pertu.org\/index.php\/wp-json\/wp\/v2\/pages"}],"about":[{"href":"https:\/\/www.pertu.org\/index.php\/wp-json\/wp\/v2\/types\/page"}],"author":[{"embeddable":true,"href":"https:\/\/www.pertu.org\/index.php\/wp-json\/wp\/v2\/users\/1"}],"replies":[{"embeddable":true,"href":"https:\/\/www.pertu.org\/index.php\/wp-json\/wp\/v2\/comments?post=607"}],"version-history":[{"count":1,"href":"https:\/\/www.pertu.org\/index.php\/wp-json\/wp\/v2\/pages\/607\/revisions"}],"predecessor-version":[{"id":608,"href":"https:\/\/www.pertu.org\/index.php\/wp-json\/wp\/v2\/pages\/607\/revisions\/608"}],"wp:attachment":[{"href":"https:\/\/www.pertu.org\/index.php\/wp-json\/wp\/v2\/media?parent=607"}],"curies":[{"name":"wp","href":"https:\/\/api.w.org\/{rel}","templated":true}]}}